{"id":3074,"date":"2017-05-03T09:43:58","date_gmt":"2017-05-03T07:43:58","guid":{"rendered":"https:\/\/www.jochgrimm.it\/wellness\/"},"modified":"2023-11-08T11:19:49","modified_gmt":"2023-11-08T10:19:49","slug":"wellness","status":"publish","type":"page","link":"https:\/\/www.jochgrimm.it\/en\/wellness\/","title":{"rendered":"Wellness"},"content":{"rendered":"","protected":false},"excerpt":{"rendered":"","protected":false},"author":1,"featured_media":0,"parent":0,"menu_order":0,"comment_status":"closed","ping_status":"closed","template":"template-unterseiten.php","meta":{"_acf_changed":false,"footnotes":""},"class_list":["post-3074","page","type-page","status-publish","hentry"],"acf":[],"yoast_head":"<!-- This site is optimized with the Yoast SEO plugin v21.5 - https:\/\/yoast.com\/wordpress\/plugins\/seo\/ -->\n<title>Dolomites wellness Hotel South Tyrol: Spa Hotel Jochgrimm<\/title>\n<meta name=\"description\" content=\"Spend a wellness vacation \u26f2 in the Dolomites \u2714\ufe0f Relaxing mountain wellness South Tyrol \u2714\ufe0f Dolomites wellness at its best \u25b6\ufe0f Book now!\" \/>\n<meta name=\"robots\" content=\"index, follow, max-snippet:-1, max-image-preview:large, max-video-preview:-1\" \/>\n<link rel=\"canonical\" href=\"https:\/\/www.jochgrimm.it\/en\/wellness\/\" \/>\n<meta property=\"og:locale\" content=\"en_US\" \/>\n<meta property=\"og:type\" content=\"article\" \/>\n<meta property=\"og:title\" content=\"Wellnesshotel in den S\u00fcdtiroler Dolomiten \u2013 Berghotel Jochgrimm\" \/>\n<meta property=\"og:description\" content=\"Verbringen Sie Ihren Wellnessurlaub in den Dolomiten, S\u00fcdtirols. Buchen Sie noch heute Ihr Traumhotel und genie\u00dfen Sie entspannte Tage in S\u00fcdtirol.\" \/>\n<meta property=\"og:url\" content=\"https:\/\/www.jochgrimm.it\/en\/wellness\/\" \/>\n<meta property=\"og:site_name\" content=\"Berghotel Jochgrimm\" \/>\n<meta property=\"article:publisher\" content=\"https:\/\/www.facebook.com\/Berghotel-Jochgrimm-176046845771796\/\" \/>\n<meta property=\"article:modified_time\" content=\"2023-11-08T10:19:49+00:00\" \/>\n<meta property=\"og:image\" content=\"https:\/\/www.jochgrimm.it\/wp-content\/uploads\/pool.jpg\" \/>\n\t<meta property=\"og:image:width\" content=\"1500\" \/>\n\t<meta property=\"og:image:height\" content=\"1020\" \/>\n\t<meta property=\"og:image:type\" content=\"image\/jpeg\" \/>\n<meta name=\"twitter:card\" content=\"summary_large_image\" \/>\n<meta name=\"twitter:title\" content=\"Wellnesshotel in den S\u00fcdtiroler Dolomiten \u2013 Berghotel Jochgrimm\" \/>\n<meta name=\"twitter:description\" content=\"Verbringen Sie Ihren Wellnessurlaub in den Dolomiten, S\u00fcdtirols. Buchen Sie noch heute Ihr Traumhotel und genie\u00dfen Sie entspannte Tage in S\u00fcdtirol.\" \/>\n<meta name=\"twitter:image\" content=\"https:\/\/i0.wp.com\/www.jochgrimm.it\/wp-content\/uploads\/pool.jpg?fit=1500%2C1020&ssl=1\" \/>\n<script type=\"application\/ld+json\" class=\"yoast-schema-graph\">{\"@context\":\"https:\/\/schema.org\",\"@graph\":[{\"@type\":\"WebPage\",\"@id\":\"https:\/\/www.jochgrimm.it\/en\/wellness\/\",\"url\":\"https:\/\/www.jochgrimm.it\/en\/wellness\/\",\"name\":\"Dolomites wellness Hotel South Tyrol: Spa Hotel Jochgrimm\",\"isPartOf\":{\"@id\":\"https:\/\/www.jochgrimm.it\/#website\"},\"datePublished\":\"2017-05-03T07:43:58+00:00\",\"dateModified\":\"2023-11-08T10:19:49+00:00\",\"description\":\"Spend a wellness vacation \u26f2 in the Dolomites \u2714\ufe0f Relaxing mountain wellness South Tyrol \u2714\ufe0f Dolomites wellness at its best \u25b6\ufe0f Book now!\",\"breadcrumb\":{\"@id\":\"https:\/\/www.jochgrimm.it\/en\/wellness\/#breadcrumb\"},\"inLanguage\":\"en-US\",\"potentialAction\":[{\"@type\":\"ReadAction\",\"target\":[\"https:\/\/www.jochgrimm.it\/en\/wellness\/\"]}]},{\"@type\":\"BreadcrumbList\",\"@id\":\"https:\/\/www.jochgrimm.it\/en\/wellness\/#breadcrumb\",\"itemListElement\":[{\"@type\":\"ListItem\",\"position\":1,\"name\":\"Startseite\",\"item\":\"https:\/\/www.jochgrimm.it\/en\/\"},{\"@type\":\"ListItem\",\"position\":2,\"name\":\"Wellness\"}]},{\"@type\":\"WebSite\",\"@id\":\"https:\/\/www.jochgrimm.it\/#website\",\"url\":\"https:\/\/www.jochgrimm.it\/\",\"name\":\"Berghotel Jochgrimm\",\"description\":\"\",\"potentialAction\":[{\"@type\":\"SearchAction\",\"target\":{\"@type\":\"EntryPoint\",\"urlTemplate\":\"https:\/\/www.jochgrimm.it\/?s={search_term_string}\"},\"query-input\":\"required name=search_term_string\"}],\"inLanguage\":\"en-US\"}]}<\/script>\n<!-- \/ Yoast SEO plugin. -->","yoast_head_json":{"title":"Dolomites wellness Hotel South Tyrol: Spa Hotel Jochgrimm","description":"Spend a wellness vacation \u26f2 in the Dolomites \u2714\ufe0f Relaxing mountain wellness South Tyrol \u2714\ufe0f Dolomites wellness at its best \u25b6\ufe0f Book now!","robots":{"index":"index","follow":"follow","max-snippet":"max-snippet:-1","max-image-preview":"max-image-preview:large","max-video-preview":"max-video-preview:-1"},"canonical":"https:\/\/www.jochgrimm.it\/en\/wellness\/","og_locale":"en_US","og_type":"article","og_title":"Wellnesshotel in den S\u00fcdtiroler Dolomiten \u2013 Berghotel Jochgrimm","og_description":"Verbringen Sie Ihren Wellnessurlaub in den Dolomiten, S\u00fcdtirols. Buchen Sie noch heute Ihr Traumhotel und genie\u00dfen Sie entspannte Tage in S\u00fcdtirol.","og_url":"https:\/\/www.jochgrimm.it\/en\/wellness\/","og_site_name":"Berghotel Jochgrimm","article_publisher":"https:\/\/www.facebook.com\/Berghotel-Jochgrimm-176046845771796\/","article_modified_time":"2023-11-08T10:19:49+00:00","og_image":[{"width":1500,"height":1020,"url":"https:\/\/www.jochgrimm.it\/wp-content\/uploads\/pool.jpg","type":"image\/jpeg"}],"twitter_card":"summary_large_image","twitter_title":"Wellnesshotel in den S\u00fcdtiroler Dolomiten \u2013 Berghotel Jochgrimm","twitter_description":"Verbringen Sie Ihren Wellnessurlaub in den Dolomiten, S\u00fcdtirols. Buchen Sie noch heute Ihr Traumhotel und genie\u00dfen Sie entspannte Tage in S\u00fcdtirol.","twitter_image":"https:\/\/i0.wp.com\/www.jochgrimm.it\/wp-content\/uploads\/pool.jpg?fit=1500%2C1020&ssl=1","schema":{"@context":"https:\/\/schema.org","@graph":[{"@type":"WebPage","@id":"https:\/\/www.jochgrimm.it\/en\/wellness\/","url":"https:\/\/www.jochgrimm.it\/en\/wellness\/","name":"Dolomites wellness Hotel South Tyrol: Spa Hotel Jochgrimm","isPartOf":{"@id":"https:\/\/www.jochgrimm.it\/#website"},"datePublished":"2017-05-03T07:43:58+00:00","dateModified":"2023-11-08T10:19:49+00:00","description":"Spend a wellness vacation \u26f2 in the Dolomites \u2714\ufe0f Relaxing mountain wellness South Tyrol \u2714\ufe0f Dolomites wellness at its best \u25b6\ufe0f Book now!","breadcrumb":{"@id":"https:\/\/www.jochgrimm.it\/en\/wellness\/#breadcrumb"},"inLanguage":"en-US","potentialAction":[{"@type":"ReadAction","target":["https:\/\/www.jochgrimm.it\/en\/wellness\/"]}]},{"@type":"BreadcrumbList","@id":"https:\/\/www.jochgrimm.it\/en\/wellness\/#breadcrumb","itemListElement":[{"@type":"ListItem","position":1,"name":"Startseite","item":"https:\/\/www.jochgrimm.it\/en\/"},{"@type":"ListItem","position":2,"name":"Wellness"}]},{"@type":"WebSite","@id":"https:\/\/www.jochgrimm.it\/#website","url":"https:\/\/www.jochgrimm.it\/","name":"Berghotel Jochgrimm","description":"","potentialAction":[{"@type":"SearchAction","target":{"@type":"EntryPoint","urlTemplate":"https:\/\/www.jochgrimm.it\/?s={search_term_string}"},"query-input":"required name=search_term_string"}],"inLanguage":"en-US"}]}},"jetpack_sharing_enabled":true,"_links":{"self":[{"href":"https:\/\/www.jochgrimm.it\/en\/wp-json\/wp\/v2\/pages\/3074","targetHints":{"allow":["GET"]}}],"collection":[{"href":"https:\/\/www.jochgrimm.it\/en\/wp-json\/wp\/v2\/pages"}],"about":[{"href":"https:\/\/www.jochgrimm.it\/en\/wp-json\/wp\/v2\/types\/page"}],"author":[{"embeddable":true,"href":"https:\/\/www.jochgrimm.it\/en\/wp-json\/wp\/v2\/users\/1"}],"replies":[{"embeddable":true,"href":"https:\/\/www.jochgrimm.it\/en\/wp-json\/wp\/v2\/comments?post=3074"}],"version-history":[{"count":6,"href":"https:\/\/www.jochgrimm.it\/en\/wp-json\/wp\/v2\/pages\/3074\/revisions"}],"predecessor-version":[{"id":3209,"href":"https:\/\/www.jochgrimm.it\/en\/wp-json\/wp\/v2\/pages\/3074\/revisions\/3209"}],"wp:attachment":[{"href":"https:\/\/www.jochgrimm.it\/en\/wp-json\/wp\/v2\/media?parent=3074"}],"curies":[{"name":"wp","href":"https:\/\/api.w.org\/{rel}","templated":true}]}}