{"id":3055,"date":"2017-05-02T16:37:48","date_gmt":"2017-05-02T14:37:48","guid":{"rendered":"https:\/\/www.jochgrimm.it\/home\/"},"modified":"2026-02-25T14:06:35","modified_gmt":"2026-02-25T13:06:35","slug":"home","status":"publish","type":"page","link":"https:\/\/www.jochgrimm.it\/en\/","title":{"rendered":"Home"},"content":{"rendered":"","protected":false},"excerpt":{"rendered":"","protected":false},"author":1,"featured_media":0,"parent":0,"menu_order":0,"comment_status":"closed","ping_status":"closed","template":"template-home.php","meta":{"_acf_changed":false,"footnotes":""},"class_list":["post-3055","page","type-page","status-publish","hentry"],"acf":[],"yoast_head":"<!-- This site is optimized with the Yoast SEO plugin v21.5 - https:\/\/yoast.com\/wordpress\/plugins\/seo\/ -->\n<title>Alpine Hotel South Tyrol \u26f0\ufe0f Hotel Jochgrimm in the Dolomites<\/title>\n<meta name=\"description\" content=\"Your Alpine Hotel Jochgrimm in South Tyrol \u2600\ufe0f Your feel-good oasis on the Schwarzhorn &amp; Wei\u00dfhorn \u27a1\ufe0f Alpine Wellness Dolomites near Bozen\" \/>\n<meta name=\"robots\" content=\"index, follow, max-snippet:-1, max-image-preview:large, max-video-preview:-1\" \/>\n<link rel=\"canonical\" href=\"https:\/\/www.jochgrimm.it\/en\/\" \/>\n<meta property=\"og:locale\" content=\"en_US\" \/>\n<meta property=\"og:type\" content=\"article\" \/>\n<meta property=\"og:title\" content=\"Berghotel Jochgrimm in den Dolomiten S\u00fcdtirols, am Fu\u00dfe des Wei\u00dfhorns\" \/>\n<meta property=\"og:description\" content=\"Sind Sie auf der Suche nach dem passenden Berghotel in den Dolomiten S\u00fcdtirols? Das Berghotel Jochgrimm ist Ihre Wohlf\u00fchloase am Fu\u00dfe des Schwarzhorn und Wei\u00dfhorn.\" \/>\n<meta property=\"og:url\" content=\"https:\/\/www.jochgrimm.it\/en\/\" \/>\n<meta property=\"og:site_name\" content=\"Berghotel Jochgrimm\" \/>\n<meta property=\"article:publisher\" content=\"https:\/\/www.facebook.com\/Berghotel-Jochgrimm-176046845771796\/\" \/>\n<meta property=\"article:modified_time\" content=\"2026-02-25T13:06:35+00:00\" \/>\n<meta property=\"og:image\" content=\"https:\/\/www.jochgrimm.it\/wp-content\/uploads\/pool.jpg\" \/>\n\t<meta property=\"og:image:width\" content=\"1500\" \/>\n\t<meta property=\"og:image:height\" content=\"1020\" \/>\n\t<meta property=\"og:image:type\" content=\"image\/jpeg\" \/>\n<meta name=\"twitter:card\" content=\"summary_large_image\" \/>\n<meta name=\"twitter:title\" content=\"Berghotel Jochgrimm in den Dolomiten S\u00fcdtirols, am Fu\u00dfe des Wei\u00dfhorns\" \/>\n<meta name=\"twitter:description\" content=\"Sind Sie auf der Suche nach dem passenden Berghotel in den Dolomiten S\u00fcdtirols? Das Berghotel Jochgrimm ist Ihre Wohlf\u00fchloase am Fu\u00dfe des Schwarzhorn und Wei\u00dfhorn.\" \/>\n<meta name=\"twitter:image\" content=\"https:\/\/i0.wp.com\/www.jochgrimm.it\/wp-content\/uploads\/pool.jpg?fit=1500%2C1020&ssl=1\" \/>\n<script type=\"application\/ld+json\" class=\"yoast-schema-graph\">{\"@context\":\"https:\/\/schema.org\",\"@graph\":[{\"@type\":\"WebPage\",\"@id\":\"https:\/\/www.jochgrimm.it\/en\/\",\"url\":\"https:\/\/www.jochgrimm.it\/en\/\",\"name\":\"Alpine Hotel South Tyrol \u26f0\ufe0f Hotel Jochgrimm in the Dolomites\",\"isPartOf\":{\"@id\":\"https:\/\/www.jochgrimm.it\/#website\"},\"datePublished\":\"2017-05-02T14:37:48+00:00\",\"dateModified\":\"2026-02-25T13:06:35+00:00\",\"description\":\"Your Alpine Hotel Jochgrimm in South Tyrol \u2600\ufe0f Your feel-good oasis on the Schwarzhorn & Wei\u00dfhorn \u27a1\ufe0f Alpine Wellness Dolomites near Bozen\",\"breadcrumb\":{\"@id\":\"https:\/\/www.jochgrimm.it\/en\/#breadcrumb\"},\"inLanguage\":\"en-US\",\"potentialAction\":[{\"@type\":\"ReadAction\",\"target\":[\"https:\/\/www.jochgrimm.it\/en\/\"]}]},{\"@type\":\"BreadcrumbList\",\"@id\":\"https:\/\/www.jochgrimm.it\/en\/#breadcrumb\",\"itemListElement\":[{\"@type\":\"ListItem\",\"position\":1,\"name\":\"Startseite\",\"item\":\"https:\/\/www.jochgrimm.it\/en\/\"},{\"@type\":\"ListItem\",\"position\":2,\"name\":\"Home\"}]},{\"@type\":\"WebSite\",\"@id\":\"https:\/\/www.jochgrimm.it\/#website\",\"url\":\"https:\/\/www.jochgrimm.it\/\",\"name\":\"Berghotel Jochgrimm\",\"description\":\"\",\"potentialAction\":[{\"@type\":\"SearchAction\",\"target\":{\"@type\":\"EntryPoint\",\"urlTemplate\":\"https:\/\/www.jochgrimm.it\/?s={search_term_string}\"},\"query-input\":\"required name=search_term_string\"}],\"inLanguage\":\"en-US\"}]}<\/script>\n<!-- \/ Yoast SEO plugin. -->","yoast_head_json":{"title":"Alpine Hotel South Tyrol \u26f0\ufe0f Hotel Jochgrimm in the Dolomites","description":"Your Alpine Hotel Jochgrimm in South Tyrol \u2600\ufe0f Your feel-good oasis on the Schwarzhorn & Wei\u00dfhorn \u27a1\ufe0f Alpine Wellness Dolomites near Bozen","robots":{"index":"index","follow":"follow","max-snippet":"max-snippet:-1","max-image-preview":"max-image-preview:large","max-video-preview":"max-video-preview:-1"},"canonical":"https:\/\/www.jochgrimm.it\/en\/","og_locale":"en_US","og_type":"article","og_title":"Berghotel Jochgrimm in den Dolomiten S\u00fcdtirols, am Fu\u00dfe des Wei\u00dfhorns","og_description":"Sind Sie auf der Suche nach dem passenden Berghotel in den Dolomiten S\u00fcdtirols? Das Berghotel Jochgrimm ist Ihre Wohlf\u00fchloase am Fu\u00dfe des Schwarzhorn und Wei\u00dfhorn.","og_url":"https:\/\/www.jochgrimm.it\/en\/","og_site_name":"Berghotel Jochgrimm","article_publisher":"https:\/\/www.facebook.com\/Berghotel-Jochgrimm-176046845771796\/","article_modified_time":"2026-02-25T13:06:35+00:00","og_image":[{"width":1500,"height":1020,"url":"https:\/\/www.jochgrimm.it\/wp-content\/uploads\/pool.jpg","type":"image\/jpeg"}],"twitter_card":"summary_large_image","twitter_title":"Berghotel Jochgrimm in den Dolomiten S\u00fcdtirols, am Fu\u00dfe des Wei\u00dfhorns","twitter_description":"Sind Sie auf der Suche nach dem passenden Berghotel in den Dolomiten S\u00fcdtirols? Das Berghotel Jochgrimm ist Ihre Wohlf\u00fchloase am Fu\u00dfe des Schwarzhorn und Wei\u00dfhorn.","twitter_image":"https:\/\/i0.wp.com\/www.jochgrimm.it\/wp-content\/uploads\/pool.jpg?fit=1500%2C1020&ssl=1","schema":{"@context":"https:\/\/schema.org","@graph":[{"@type":"WebPage","@id":"https:\/\/www.jochgrimm.it\/en\/","url":"https:\/\/www.jochgrimm.it\/en\/","name":"Alpine Hotel South Tyrol \u26f0\ufe0f Hotel Jochgrimm in the Dolomites","isPartOf":{"@id":"https:\/\/www.jochgrimm.it\/#website"},"datePublished":"2017-05-02T14:37:48+00:00","dateModified":"2026-02-25T13:06:35+00:00","description":"Your Alpine Hotel Jochgrimm in South Tyrol \u2600\ufe0f Your feel-good oasis on the Schwarzhorn & Wei\u00dfhorn \u27a1\ufe0f Alpine Wellness Dolomites near Bozen","breadcrumb":{"@id":"https:\/\/www.jochgrimm.it\/en\/#breadcrumb"},"inLanguage":"en-US","potentialAction":[{"@type":"ReadAction","target":["https:\/\/www.jochgrimm.it\/en\/"]}]},{"@type":"BreadcrumbList","@id":"https:\/\/www.jochgrimm.it\/en\/#breadcrumb","itemListElement":[{"@type":"ListItem","position":1,"name":"Startseite","item":"https:\/\/www.jochgrimm.it\/en\/"},{"@type":"ListItem","position":2,"name":"Home"}]},{"@type":"WebSite","@id":"https:\/\/www.jochgrimm.it\/#website","url":"https:\/\/www.jochgrimm.it\/","name":"Berghotel Jochgrimm","description":"","potentialAction":[{"@type":"SearchAction","target":{"@type":"EntryPoint","urlTemplate":"https:\/\/www.jochgrimm.it\/?s={search_term_string}"},"query-input":"required name=search_term_string"}],"inLanguage":"en-US"}]}},"jetpack_sharing_enabled":true,"_links":{"self":[{"href":"https:\/\/www.jochgrimm.it\/en\/wp-json\/wp\/v2\/pages\/3055","targetHints":{"allow":["GET"]}}],"collection":[{"href":"https:\/\/www.jochgrimm.it\/en\/wp-json\/wp\/v2\/pages"}],"about":[{"href":"https:\/\/www.jochgrimm.it\/en\/wp-json\/wp\/v2\/types\/page"}],"author":[{"embeddable":true,"href":"https:\/\/www.jochgrimm.it\/en\/wp-json\/wp\/v2\/users\/1"}],"replies":[{"embeddable":true,"href":"https:\/\/www.jochgrimm.it\/en\/wp-json\/wp\/v2\/comments?post=3055"}],"version-history":[{"count":10,"href":"https:\/\/www.jochgrimm.it\/en\/wp-json\/wp\/v2\/pages\/3055\/revisions"}],"predecessor-version":[{"id":3364,"href":"https:\/\/www.jochgrimm.it\/en\/wp-json\/wp\/v2\/pages\/3055\/revisions\/3364"}],"wp:attachment":[{"href":"https:\/\/www.jochgrimm.it\/en\/wp-json\/wp\/v2\/media?parent=3055"}],"curies":[{"name":"wp","href":"https:\/\/api.w.org\/{rel}","templated":true}]}}